{"id":1255,"date":"2025-05-05T13:34:17","date_gmt":"2025-05-05T17:34:17","guid":{"rendered":"https:\/\/britanniawoods.com\/careers\/"},"modified":"2026-05-12T12:24:36","modified_gmt":"2026-05-12T16:24:36","slug":"offres-demploi","status":"publish","type":"page","link":"https:\/\/britanniawoods.com\/fr\/offres-demploi\/","title":{"rendered":"Offres d\u2019emploi"},"content":{"rendered":"\t\t<div data-elementor-type=\"wp-post\" data-elementor-id=\"1255\" class=\"elementor elementor-1255 elementor-689\" data-elementor-post-type=\"page\">\n\t\t\t\t<div class=\"elementor-element elementor-element-efc7f11 e-flex e-con-boxed wpr-particle-no wpr-jarallax-no wpr-parallax-no wpr-sticky-section-no wpr-equal-height-no e-con e-parent\" data-id=\"efc7f11\" data-element_type=\"container\" data-e-type=\"container\" data-settings=\"{&quot;background_background&quot;:&quot;classic&quot;}\">\n\t\t\t\t\t<div class=\"e-con-inner\">\n\t\t\t\t<div class=\"elementor-element elementor-element-a681c30 elementor-invisible elementor-widget elementor-widget-heading\" data-id=\"a681c30\" data-element_type=\"widget\" data-e-type=\"widget\" data-settings=\"{&quot;_animation&quot;:&quot;fadeIn&quot;,&quot;_animation_delay&quot;:200}\" data-widget_type=\"heading.default\">\n\t\t\t\t<div class=\"elementor-widget-container\">\n\t\t\t\t\t<h2 class=\"elementor-heading-title elementor-size-default\">Offres d\u2019emploi<\/h2>\t\t\t\t<\/div>\n\t\t\t\t<\/div>\n\t\t\t\t\t<\/div>\n\t\t\t\t<\/div>\n\t\t<div class=\"elementor-element elementor-element-e1c3d34 e-flex e-con-boxed wpr-particle-no wpr-jarallax-no wpr-parallax-no wpr-sticky-section-no wpr-equal-height-no e-con e-parent\" data-id=\"e1c3d34\" data-element_type=\"container\" data-e-type=\"container\" id=\"volunteer\">\n\t\t\t\t\t<div class=\"e-con-inner\">\n\t\t<div class=\"elementor-element elementor-element-5b07a96 e-con-full e-flex wpr-particle-no wpr-jarallax-no wpr-parallax-no wpr-sticky-section-no wpr-equal-height-no elementor-invisible e-con e-child\" data-id=\"5b07a96\" data-element_type=\"container\" data-e-type=\"container\" data-settings=\"{&quot;animation&quot;:&quot;fadeIn&quot;,&quot;animation_delay&quot;:400}\">\n\t\t<div class=\"elementor-element elementor-element-af8f01a e-con-full e-flex wpr-particle-no wpr-jarallax-no wpr-parallax-no wpr-sticky-section-no wpr-equal-height-no elementor-invisible e-con e-child\" data-id=\"af8f01a\" data-element_type=\"container\" data-e-type=\"container\" data-settings=\"{&quot;animation&quot;:&quot;fadeIn&quot;,&quot;animation_delay&quot;:400}\">\n\t\t\t\t<div class=\"elementor-element elementor-element-0f02e01 elementor-invisible elementor-widget elementor-widget-heading\" data-id=\"0f02e01\" data-element_type=\"widget\" data-e-type=\"widget\" data-settings=\"{&quot;_animation&quot;:&quot;fadeIn&quot;,&quot;_animation_delay&quot;:200}\" data-widget_type=\"heading.default\">\n\t\t\t\t<div class=\"elementor-widget-container\">\n\t\t\t\t\t<h2 class=\"elementor-heading-title elementor-size-default\">Joignez-vous \u00e0 notre \u00e9quipe et faites une diff\u00e9rence!<\/h2>\t\t\t\t<\/div>\n\t\t\t\t<\/div>\n\t\t\t\t<div class=\"elementor-element elementor-element-f080319 elementor-invisible elementor-widget elementor-widget-text-editor\" data-id=\"f080319\" data-element_type=\"widget\" data-e-type=\"widget\" data-settings=\"{&quot;_animation&quot;:&quot;fadeIn&quot;,&quot;_animation_delay&quot;:400}\" data-widget_type=\"text-editor.default\">\n\t\t\t\t<div class=\"elementor-widget-container\">\n\t\t\t\t\t\t\t\t\tVous voulez contribuer \u00e0 un changement positif dans les communaut\u00e9s d\u2019Ottawa ? Nous recherchons des personnes d\u00e9vou\u00e9es comme vous pour nous aider \u00e0 b\u00e2tir un avenir plus \u00e9quitable. \n\nDepuis 1976, nous travaillons aupr\u00e8s des enfants, des jeunes, des familles et des individus pour \u00e9liminer les obstacles et renforcer nos communaut\u00e9s. En vous joignant \u00e0 notre \u00e9quipe, vous vous inscrivez dans une tradition de services empreints de compassion et ax\u00e9s sur la collectivit\u00e9.\t\t\t\t\t\t\t\t<\/div>\n\t\t\t\t<\/div>\n\t\t<div class=\"elementor-element elementor-element-65b6110 e-con-full e-flex wpr-particle-no wpr-jarallax-no wpr-parallax-no wpr-sticky-section-no wpr-equal-height-no e-con e-child\" data-id=\"65b6110\" data-element_type=\"container\" data-e-type=\"container\">\n\t\t\t\t<div class=\"elementor-element elementor-element-2c82533 elementor-invisible elementor-widget elementor-widget-heading\" data-id=\"2c82533\" data-element_type=\"widget\" data-e-type=\"widget\" data-settings=\"{&quot;_animation&quot;:&quot;fadeIn&quot;,&quot;_animation_delay&quot;:600}\" data-widget_type=\"heading.default\">\n\t\t\t\t<div class=\"elementor-widget-container\">\n\t\t\t\t\t<h2 class=\"elementor-heading-title elementor-size-default\">Vous souhaitez en savoir plus ?<\/h2>\t\t\t\t<\/div>\n\t\t\t\t<\/div>\n\t\t\t\t<div class=\"elementor-element elementor-element-e83d21c elementor-invisible elementor-widget elementor-widget-button\" data-id=\"e83d21c\" data-element_type=\"widget\" data-e-type=\"widget\" data-settings=\"{&quot;_animation&quot;:&quot;fadeIn&quot;,&quot;_animation_delay&quot;:800}\" data-widget_type=\"button.default\">\n\t\t\t\t<div class=\"elementor-widget-container\">\n\t\t\t\t\t\t\t\t\t<div class=\"elementor-button-wrapper\">\n\t\t\t\t\t<a class=\"elementor-button elementor-button-link elementor-size-sm\" href=\"\/fr\/a-propos-de-nous\/#histoire\">\n\t\t\t\t\t\t<span class=\"elementor-button-content-wrapper\">\n\t\t\t\t\t\t\t\t\t<span class=\"elementor-button-text\">D\u00e9couvrez notre histoire<\/span>\n\t\t\t\t\t<\/span>\n\t\t\t\t\t<\/a>\n\t\t\t\t<\/div>\n\t\t\t\t\t\t\t\t<\/div>\n\t\t\t\t<\/div>\n\t\t\t\t<\/div>\n\t\t\t\t<\/div>\n\t\t\t\t<\/div>\n\t\t<div class=\"elementor-element elementor-element-dbfaecc e-con-full e-flex wpr-particle-no wpr-jarallax-no wpr-parallax-no wpr-sticky-section-no wpr-equal-height-no elementor-invisible e-con e-child\" data-id=\"dbfaecc\" data-element_type=\"container\" data-e-type=\"container\" data-settings=\"{&quot;animation&quot;:&quot;fadeInRight&quot;,&quot;animation_delay&quot;:600}\">\n\t\t\t\t<div class=\"elementor-element elementor-element-827c517 elementor-arrows-position-inside elementor-invisible elementor-widget elementor-widget-image-carousel\" data-id=\"827c517\" data-element_type=\"widget\" data-e-type=\"widget\" data-settings=\"{&quot;slides_to_show&quot;:&quot;1&quot;,&quot;navigation&quot;:&quot;arrows&quot;,&quot;_animation&quot;:&quot;fadeInRight&quot;,&quot;_animation_delay&quot;:800,&quot;autoplay&quot;:&quot;yes&quot;,&quot;pause_on_hover&quot;:&quot;yes&quot;,&quot;pause_on_interaction&quot;:&quot;yes&quot;,&quot;autoplay_speed&quot;:5000,&quot;infinite&quot;:&quot;yes&quot;,&quot;effect&quot;:&quot;slide&quot;,&quot;speed&quot;:500}\" data-widget_type=\"image-carousel.default\">\n\t\t\t\t<div class=\"elementor-widget-container\">\n\t\t\t\t\t\t\t<div class=\"elementor-image-carousel-wrapper swiper\" role=\"region\" aria-roledescription=\"carousel\" aria-label=\"Image Carousel\" dir=\"ltr\">\n\t\t\t<div class=\"elementor-image-carousel swiper-wrapper\" aria-live=\"off\">\n\t\t\t\t\t\t\t\t<div class=\"swiper-slide\" role=\"group\" aria-roledescription=\"slide\" aria-label=\"1 sur 1\"><figure class=\"swiper-slide-inner\"><img decoding=\"async\" class=\"swiper-slide-image\" src=\"https:\/\/britanniawoods.com\/wp-content\/uploads\/2025\/05\/careers-1.jpg\" alt=\"careers-1\" \/><\/figure><\/div>\t\t\t<\/div>\n\t\t\t\t\t<\/div>\n\t\t\t\t\t\t<\/div>\n\t\t\t\t<\/div>\n\t\t\t\t<\/div>\n\t\t\t\t\t<\/div>\n\t\t\t\t<\/div>\n\t\t<div class=\"elementor-element elementor-element-4ffeafa e-flex e-con-boxed wpr-particle-no wpr-jarallax-no wpr-parallax-no wpr-sticky-section-no wpr-equal-height-no e-con e-parent\" data-id=\"4ffeafa\" data-element_type=\"container\" data-e-type=\"container\" id=\"partner\" data-settings=\"{&quot;background_background&quot;:&quot;classic&quot;}\">\n\t\t\t\t\t<div class=\"e-con-inner\">\n\t\t<div class=\"elementor-element elementor-element-de62859 e-con-full e-flex wpr-particle-no wpr-jarallax-no wpr-parallax-no wpr-sticky-section-no wpr-equal-height-no elementor-invisible e-con e-child\" data-id=\"de62859\" data-element_type=\"container\" data-e-type=\"container\" data-settings=\"{&quot;animation&quot;:&quot;fadeIn&quot;,&quot;animation_delay&quot;:600}\">\n\t\t\t\t<div class=\"elementor-element elementor-element-74ed10e elementor-invisible elementor-widget elementor-widget-heading\" data-id=\"74ed10e\" data-element_type=\"widget\" data-e-type=\"widget\" data-settings=\"{&quot;_animation&quot;:&quot;fadeIn&quot;,&quot;_animation_delay&quot;:200}\" data-widget_type=\"heading.default\">\n\t\t\t\t<div class=\"elementor-widget-container\">\n\t\t\t\t\t<h2 class=\"elementor-heading-title elementor-size-default\">Qui recherchons-nous?<\/h2>\t\t\t\t<\/div>\n\t\t\t\t<\/div>\n\t\t\t\t<div class=\"elementor-element elementor-element-b5084e1 elementor-widget__width-initial elementor-invisible elementor-widget elementor-widget-text-editor\" data-id=\"b5084e1\" data-element_type=\"widget\" data-e-type=\"widget\" data-settings=\"{&quot;_animation&quot;:&quot;fadeIn&quot;,&quot;_animation_delay&quot;:400}\" data-widget_type=\"text-editor.default\">\n\t\t\t\t<div class=\"elementor-widget-container\">\n\t\t\t\t\t\t\t\t\tNous recherchons des individus dynamiques qui partagent notre engagement envers l\u2019\u00e9quit\u00e9 et la justice sociale. La personne id\u00e9ale est passionn\u00e9e par le bien-\u00eatre des communaut\u00e9s et la lutte contre les obstacles syst\u00e9miques.\t\t\t\t\t\t\t\t<\/div>\n\t\t\t\t<\/div>\n\t\t\t\t<\/div>\n\t\t<div class=\"elementor-element elementor-element-fe14da3 e-con-full e-flex wpr-particle-no wpr-jarallax-no wpr-parallax-no wpr-sticky-section-no wpr-equal-height-no elementor-invisible e-con e-child\" data-id=\"fe14da3\" data-element_type=\"container\" data-e-type=\"container\" data-settings=\"{&quot;animation&quot;:&quot;fadeIn&quot;,&quot;animation_delay&quot;:800}\">\n\t\t\t\t<div class=\"elementor-element elementor-element-5ed9734 elementor-invisible elementor-widget elementor-widget-heading\" data-id=\"5ed9734\" data-element_type=\"widget\" data-e-type=\"widget\" data-settings=\"{&quot;_animation&quot;:&quot;fadeIn&quot;,&quot;_animation_delay&quot;:200}\" data-widget_type=\"heading.default\">\n\t\t\t\t<div class=\"elementor-widget-container\">\n\t\t\t\t\t<h2 class=\"elementor-heading-title elementor-size-default\">Pourquoi choisir Les services communautaires de Britannia Woods ?<\/h2>\t\t\t\t<\/div>\n\t\t\t\t<\/div>\n\t\t<div class=\"elementor-element elementor-element-ef4fe0a e-con-full e-flex wpr-particle-no wpr-jarallax-no wpr-parallax-no wpr-sticky-section-no wpr-equal-height-no e-con e-child\" data-id=\"ef4fe0a\" data-element_type=\"container\" data-e-type=\"container\">\n\t\t\t\t<div class=\"elementor-element elementor-element-7c2b1f6 elementor-widget__width-inherit elementor-icon-list--layout-traditional elementor-list-item-link-full_width elementor-widget elementor-widget-icon-list\" data-id=\"7c2b1f6\" data-element_type=\"widget\" data-e-type=\"widget\" data-widget_type=\"icon-list.default\">\n\t\t\t\t<div class=\"elementor-widget-container\">\n\t\t\t\t\t\t\t<ul class=\"elementor-icon-list-items\">\n\t\t\t\t\t\t\t<li class=\"elementor-icon-list-item\">\n\t\t\t\t\t\t\t\t\t\t\t<span class=\"elementor-icon-list-icon\">\n\t\t\t\t\t\t\t<svg xmlns=\"http:\/\/www.w3.org\/2000\/svg\" width=\"24\" height=\"24\" viewBox=\"0 0 24 24\" fill=\"none\"><path d=\"M19.78 2.19995L24 6.41995L8.44 22L0 13.55L4.22 9.32995L8.44 13.55L19.78 2.19995ZM19.78 4.99995L8.44 16.36L4.22 12.19L2.81 13.55L8.44 19.17L21.19 6.41995L19.78 4.99995Z\" fill=\"#1F3855\"><\/path><\/svg>\t\t\t\t\t\t<\/span>\n\t\t\t\t\t\t\t\t\t\t<span class=\"elementor-icon-list-text\">Pour avoir un impact significatif en travaillant directement avec les familles et les jeunes, et apporter un changement positif. <\/span>\n\t\t\t\t\t\t\t\t\t<\/li>\n\t\t\t\t\t\t\t\t<li class=\"elementor-icon-list-item\">\n\t\t\t\t\t\t\t\t\t\t\t<span class=\"elementor-icon-list-icon\">\n\t\t\t\t\t\t\t<svg xmlns=\"http:\/\/www.w3.org\/2000\/svg\" width=\"24\" height=\"24\" viewBox=\"0 0 24 24\" fill=\"none\"><path d=\"M19.78 2.19995L24 6.41995L8.44 22L0 13.55L4.22 9.32995L8.44 13.55L19.78 2.19995ZM19.78 4.99995L8.44 16.36L4.22 12.19L2.81 13.55L8.44 19.17L21.19 6.41995L19.78 4.99995Z\" fill=\"#1F3855\"><\/path><\/svg>\t\t\t\t\t\t<\/span>\n\t\t\t\t\t\t\t\t\t\t<span class=\"elementor-icon-list-text\">Pour d\u00e9couvrir un environnement de travail inclusif et \u00e9quitable o\u00f9 nos programmes et notre personnel refl\u00e8tent la diversit\u00e9 des cultures, des langues, des origines et des exp\u00e9riences v\u00e9cues de nos communaut\u00e9s.<\/span>\n\t\t\t\t\t\t\t\t\t<\/li>\n\t\t\t\t\t\t<\/ul>\n\t\t\t\t\t\t<\/div>\n\t\t\t\t<\/div>\n\t\t\t\t<div class=\"elementor-element elementor-element-4e4c034 elementor-widget__width-inherit elementor-icon-list--layout-traditional elementor-list-item-link-full_width elementor-widget elementor-widget-icon-list\" data-id=\"4e4c034\" data-element_type=\"widget\" data-e-type=\"widget\" data-widget_type=\"icon-list.default\">\n\t\t\t\t<div class=\"elementor-widget-container\">\n\t\t\t\t\t\t\t<ul class=\"elementor-icon-list-items\">\n\t\t\t\t\t\t\t<li class=\"elementor-icon-list-item\">\n\t\t\t\t\t\t\t\t\t\t\t<span class=\"elementor-icon-list-icon\">\n\t\t\t\t\t\t\t<svg xmlns=\"http:\/\/www.w3.org\/2000\/svg\" width=\"24\" height=\"24\" viewBox=\"0 0 24 24\" fill=\"none\"><path d=\"M19.78 2.19995L24 6.41995L8.44 22L0 13.55L4.22 9.32995L8.44 13.55L19.78 2.19995ZM19.78 4.99995L8.44 16.36L4.22 12.19L2.81 13.55L8.44 19.17L21.19 6.41995L19.78 4.99995Z\" fill=\"#1F3855\"><\/path><\/svg>\t\t\t\t\t\t<\/span>\n\t\t\t\t\t\t\t\t\t\t<span class=\"elementor-icon-list-text\">Pour rejoindre une \u00e9quipe inclusive et diversifi\u00e9e qui fait la promotion de l\u2019\u00e9quit\u00e9 et de la sensibilit\u00e9 culturelle. <\/span>\n\t\t\t\t\t\t\t\t\t<\/li>\n\t\t\t\t\t\t\t\t<li class=\"elementor-icon-list-item\">\n\t\t\t\t\t\t\t\t\t\t\t<span class=\"elementor-icon-list-icon\">\n\t\t\t\t\t\t\t<svg xmlns=\"http:\/\/www.w3.org\/2000\/svg\" width=\"24\" height=\"24\" viewBox=\"0 0 24 24\" fill=\"none\"><path d=\"M19.78 2.19995L24 6.41995L8.44 22L0 13.55L4.22 9.32995L8.44 13.55L19.78 2.19995ZM19.78 4.99995L8.44 16.36L4.22 12.19L2.81 13.55L8.44 19.17L21.19 6.41995L19.78 4.99995Z\" fill=\"#1F3855\"><\/path><\/svg>\t\t\t\t\t\t<\/span>\n\t\t\t\t\t\t\t\t\t\t<span class=\"elementor-icon-list-text\">Pour d\u00e9velopper vos comp\u00e9tences et votre professionnalisme dans un environnement accueillant. <\/span>\n\t\t\t\t\t\t\t\t\t<\/li>\n\t\t\t\t\t\t\t\t<li class=\"elementor-icon-list-item\">\n\t\t\t\t\t\t\t\t\t\t\t<span class=\"elementor-icon-list-icon\">\n\t\t\t\t\t\t\t<svg xmlns=\"http:\/\/www.w3.org\/2000\/svg\" width=\"24\" height=\"24\" viewBox=\"0 0 24 24\" fill=\"none\"><path d=\"M19.78 2.19995L24 6.41995L8.44 22L0 13.55L4.22 9.32995L8.44 13.55L19.78 2.19995ZM19.78 4.99995L8.44 16.36L4.22 12.19L2.81 13.55L8.44 19.17L21.19 6.41995L19.78 4.99995Z\" fill=\"#1F3855\"><\/path><\/svg>\t\t\t\t\t\t<\/span>\n\t\t\t\t\t\t\t\t\t\t<span class=\"elementor-icon-list-text\">Pour profiter d\u2019une offre d\u2019emploi compl\u00e8te qui valorise votre bien-\u00eatre. <\/span>\n\t\t\t\t\t\t\t\t\t<\/li>\n\t\t\t\t\t\t<\/ul>\n\t\t\t\t\t\t<\/div>\n\t\t\t\t<\/div>\n\t\t\t\t<\/div>\n\t\t\t\t<\/div>\n\t\t\t\t\t<\/div>\n\t\t\t\t<\/div>\n\t\t<div class=\"elementor-element elementor-element-3a61848 e-flex e-con-boxed wpr-particle-no wpr-jarallax-no wpr-parallax-no wpr-sticky-section-no wpr-equal-height-no e-con e-parent\" data-id=\"3a61848\" data-element_type=\"container\" data-e-type=\"container\" id=\"support\">\n\t\t\t\t\t<div class=\"e-con-inner\">\n\t\t<div class=\"elementor-element elementor-element-babc1af e-con-full e-flex wpr-particle-no wpr-jarallax-no wpr-parallax-no wpr-sticky-section-no wpr-equal-height-no e-con e-child\" data-id=\"babc1af\" data-element_type=\"container\" data-e-type=\"container\">\n\t\t\t\t<div class=\"elementor-element elementor-element-f46ba04 elementor-invisible elementor-widget elementor-widget-heading\" data-id=\"f46ba04\" data-element_type=\"widget\" data-e-type=\"widget\" data-settings=\"{&quot;_animation&quot;:&quot;fadeIn&quot;,&quot;_animation_delay&quot;:200}\" data-widget_type=\"heading.default\">\n\t\t\t\t<div class=\"elementor-widget-container\">\n\t\t\t\t\t<h2 class=\"elementor-heading-title elementor-size-default\">Emplois disponibles<\/h2>\t\t\t\t<\/div>\n\t\t\t\t<\/div>\n\t\t\t\t<div class=\"elementor-element elementor-element-7adf694 elementor-widget__width-inherit elementor-hidden-desktop elementor-hidden-tablet elementor-hidden-mobile elementor-icon-list--layout-traditional elementor-list-item-link-full_width elementor-invisible elementor-widget elementor-widget-icon-list\" data-id=\"7adf694\" data-element_type=\"widget\" data-e-type=\"widget\" data-settings=\"{&quot;_animation&quot;:&quot;fadeIn&quot;,&quot;_animation_delay&quot;:400}\" data-widget_type=\"icon-list.default\">\n\t\t\t\t<div class=\"elementor-widget-container\">\n\t\t\t\t\t\t\t<ul class=\"elementor-icon-list-items\">\n\t\t\t\t\t\t\t<li class=\"elementor-icon-list-item\">\n\t\t\t\t\t\t\t\t\t\t\t<span class=\"elementor-icon-list-icon\">\n\t\t\t\t\t\t\t<svg xmlns=\"http:\/\/www.w3.org\/2000\/svg\" width=\"24\" height=\"24\" viewBox=\"0 0 24 24\" fill=\"none\"><path d=\"M12 22C13.3135 22.0016 14.6143 21.7437 15.8278 21.2411C17.0412 20.7384 18.1434 20.0009 19.071 19.071C20.0009 18.1434 20.7384 17.0412 21.2411 15.8278C21.7437 14.6143 22.0016 13.3135 22 12C22.0016 10.6866 21.7437 9.38572 21.2411 8.17225C20.7384 6.95878 20.0009 5.85659 19.071 4.92901C18.1434 3.99909 17.0412 3.26162 15.8278 2.75897C14.6143 2.25631 13.3135 1.99839 12 2.00001C10.6866 1.99839 9.38572 2.25631 8.17225 2.75897C6.95878 3.26162 5.85659 3.99909 4.92901 4.92901C3.99909 5.85659 3.26162 6.95878 2.75897 8.17225C2.25631 9.38572 1.99839 10.6866 2.00001 12C1.99839 13.3135 2.25631 14.6143 2.75897 15.8278C3.26162 17.0412 3.99909 18.1434 4.92901 19.071C5.85659 20.0009 6.95878 20.7384 8.17225 21.2411C9.38572 21.7437 10.6866 22.0016 12 22Z\" stroke=\"#00998A\" stroke-width=\"2\" stroke-linejoin=\"round\"><\/path><path fill-rule=\"evenodd\" clip-rule=\"evenodd\" d=\"M12 18.5C12.3315 18.5 12.6495 18.3683 12.8839 18.1339C13.1183 17.8995 13.25 17.5815 13.25 17.25C13.25 16.9185 13.1183 16.6005 12.8839 16.3661C12.6495 16.1317 12.3315 16 12 16C11.6685 16 11.3505 16.1317 11.1161 16.3661C10.8817 16.6005 10.75 16.9185 10.75 17.25C10.75 17.5815 10.8817 17.8995 11.1161 18.1339C11.3505 18.3683 11.6685 18.5 12 18.5Z\" fill=\"#00998A\"><\/path><path d=\"M12 6V14\" stroke=\"#00998A\" stroke-width=\"2\" stroke-linecap=\"round\" stroke-linejoin=\"round\"><\/path><\/svg>\t\t\t\t\t\t<\/span>\n\t\t\t\t\t\t\t\t\t\t<span class=\"elementor-icon-list-text\">Nous n'avons actuellement aucun poste vacant. Nous vous invitons \u00e0 v\u00e9rifier prochainement.<\/span>\n\t\t\t\t\t\t\t\t\t<\/li>\n\t\t\t\t\t\t<\/ul>\n\t\t\t\t\t\t<\/div>\n\t\t\t\t<\/div>\n\t\t\t\t<\/div>\n\t\t<div class=\"elementor-element elementor-element-b4625e2 e-con-full e-flex wpr-particle-no wpr-jarallax-no wpr-parallax-no wpr-sticky-section-no wpr-equal-height-no e-con e-child\" data-id=\"b4625e2\" data-element_type=\"container\" data-e-type=\"container\">\n\t\t<a class=\"elementor-element elementor-element-d9efefc e-con-full e-flex wpr-particle-no wpr-jarallax-no wpr-parallax-no wpr-sticky-section-no wpr-equal-height-no elementor-invisible e-con e-child\" data-id=\"d9efefc\" data-element_type=\"container\" data-e-type=\"container\" data-settings=\"{&quot;background_background&quot;:&quot;classic&quot;,&quot;animation&quot;:&quot;fadeIn&quot;,&quot;animation_delay&quot;:400}\" href=\"https:\/\/britanniawoods.com\/fr\/adjointe-aux-programmes-dete\/\" target=\"_blank\">\n\t\t\t\t<div class=\"elementor-element elementor-element-90c809f elementor-widget elementor-widget-heading\" data-id=\"90c809f\" data-element_type=\"widget\" data-e-type=\"widget\" data-widget_type=\"heading.default\">\n\t\t\t\t<div class=\"elementor-widget-container\">\n\t\t\t\t\t<h2 class=\"elementor-heading-title elementor-size-default\">Adjoint(e) aux programmes d\u2019\u00e9t\u00e9<\/h2>\t\t\t\t<\/div>\n\t\t\t\t<\/div>\n\t\t\t\t<div class=\"elementor-element elementor-element-fe1de76 elementor-widget elementor-widget-heading\" data-id=\"fe1de76\" data-element_type=\"widget\" data-e-type=\"widget\" data-widget_type=\"heading.default\">\n\t\t\t\t<div class=\"elementor-widget-container\">\n\t\t\t\t\t<h2 class=\"elementor-heading-title elementor-size-default\">Temps plein<\/h2>\t\t\t\t<\/div>\n\t\t\t\t<\/div>\n\t\t\t\t<\/a>\n\t\t<a class=\"elementor-element elementor-element-3a239ed e-con-full e-flex wpr-particle-no wpr-jarallax-no wpr-parallax-no wpr-sticky-section-no wpr-equal-height-no elementor-invisible e-con e-child\" data-id=\"3a239ed\" data-element_type=\"container\" data-e-type=\"container\" data-settings=\"{&quot;background_background&quot;:&quot;classic&quot;,&quot;animation&quot;:&quot;fadeIn&quot;,&quot;animation_delay&quot;:400}\" href=\"https:\/\/britanniawoods.com\/fr\/adjointe-au-programme-alimentaire-dete\/\" target=\"_blank\">\n\t\t\t\t<div class=\"elementor-element elementor-element-f042beb elementor-widget elementor-widget-heading\" data-id=\"f042beb\" data-element_type=\"widget\" data-e-type=\"widget\" data-widget_type=\"heading.default\">\n\t\t\t\t<div class=\"elementor-widget-container\">\n\t\t\t\t\t<h2 class=\"elementor-heading-title elementor-size-default\">Adjoint(e) au programme alimentaire d\u2019\u00e9t\u00e9\n<\/h2>\t\t\t\t<\/div>\n\t\t\t\t<\/div>\n\t\t\t\t<div class=\"elementor-element elementor-element-d01b103 elementor-widget elementor-widget-heading\" data-id=\"d01b103\" data-element_type=\"widget\" data-e-type=\"widget\" data-widget_type=\"heading.default\">\n\t\t\t\t<div class=\"elementor-widget-container\">\n\t\t\t\t\t<h2 class=\"elementor-heading-title elementor-size-default\">Temps plein<\/h2>\t\t\t\t<\/div>\n\t\t\t\t<\/div>\n\t\t\t\t<\/a>\n\t\t\t\t<\/div>\n\t\t\t\t\t<\/div>\n\t\t\t\t<\/div>\n\t\t\t\t<\/div>\n\t\t","protected":false},"excerpt":{"rendered":"<p>Offres d\u2019emploi Joignez-vous \u00e0 notre \u00e9quipe et faites une diff\u00e9rence! Vous voulez contribuer \u00e0 un changement positif dans les communaut\u00e9s d\u2019Ottawa ? Nous recherchons des personnes d\u00e9vou\u00e9es comme vous pour nous aider \u00e0 b\u00e2tir un avenir plus \u00e9quitable. Depuis 1976, nous travaillons aupr\u00e8s des enfants, des jeunes, des familles et des individus pour \u00e9liminer les obstacles et renforcer nos communaut\u00e9s. En vous joignant \u00e0 notre \u00e9quipe, vous vous inscrivez dans une tradition de services empreints de compassion et ax\u00e9s sur la collectivit\u00e9. Vous souhaitez en savoir plus ? D\u00e9couvrez notre histoire Qui recherchons-nous? Nous recherchons des individus dynamiques qui partagent notre engagement envers l\u2019\u00e9quit\u00e9 et la justice sociale. La personne id\u00e9ale est passionn\u00e9e par le bien-\u00eatre des communaut\u00e9s et la lutte contre les obstacles syst\u00e9miques. Pourquoi choisir Les services communautaires de Britannia Woods ? Pour avoir un impact significatif en travaillant directement avec les familles et les jeunes, et apporter un changement positif. Pour d\u00e9couvrir un environnement de travail inclusif et \u00e9quitable o\u00f9 nos programmes et notre personnel refl\u00e8tent la diversit\u00e9 des cultures, des langues, des origines et des exp\u00e9riences v\u00e9cues de nos communaut\u00e9s. Pour rejoindre une \u00e9quipe inclusive et diversifi\u00e9e qui fait la promotion de l\u2019\u00e9quit\u00e9 et de la sensibilit\u00e9 culturelle. Pour d\u00e9velopper vos comp\u00e9tences et votre professionnalisme dans un environnement accueillant. Pour profiter d\u2019une offre d\u2019emploi compl\u00e8te qui valorise votre bien-\u00eatre. Emplois disponibles Nous n&rsquo;avons actuellement aucun poste vacant. Nous vous invitons \u00e0 v\u00e9rifier prochainement. Adjoint(e) aux programmes d\u2019\u00e9t\u00e9 Temps plein Adjoint(e) au programme alimentaire d\u2019\u00e9t\u00e9 Temps plein<\/p>\n","protected":false},"author":2,"featured_media":0,"parent":0,"menu_order":0,"comment_status":"closed","ping_status":"closed","template":"","meta":{"footnotes":""},"class_list":["post-1255","page","type-page","status-publish","hentry"],"_links":{"self":[{"href":"https:\/\/britanniawoods.com\/fr\/wp-json\/wp\/v2\/pages\/1255","targetHints":{"allow":["GET"]}}],"collection":[{"href":"https:\/\/britanniawoods.com\/fr\/wp-json\/wp\/v2\/pages"}],"about":[{"href":"https:\/\/britanniawoods.com\/fr\/wp-json\/wp\/v2\/types\/page"}],"author":[{"embeddable":true,"href":"https:\/\/britanniawoods.com\/fr\/wp-json\/wp\/v2\/users\/2"}],"replies":[{"embeddable":true,"href":"https:\/\/britanniawoods.com\/fr\/wp-json\/wp\/v2\/comments?post=1255"}],"version-history":[{"count":68,"href":"https:\/\/britanniawoods.com\/fr\/wp-json\/wp\/v2\/pages\/1255\/revisions"}],"predecessor-version":[{"id":3552,"href":"https:\/\/britanniawoods.com\/fr\/wp-json\/wp\/v2\/pages\/1255\/revisions\/3552"}],"wp:attachment":[{"href":"https:\/\/britanniawoods.com\/fr\/wp-json\/wp\/v2\/media?parent=1255"}],"curies":[{"name":"wp","href":"https:\/\/api.w.org\/{rel}","templated":true}]}}