{"id":1211,"date":"2025-05-05T17:27:22","date_gmt":"2025-05-05T21:27:22","guid":{"rendered":"https:\/\/britanniawoods.com\/cookie-policy\/"},"modified":"2025-05-20T16:21:53","modified_gmt":"2025-05-20T20:21:53","slug":"politique-des-temoins","status":"publish","type":"page","link":"https:\/\/britanniawoods.com\/fr\/politique-des-temoins\/","title":{"rendered":"Politique des t\u00e9moins"},"content":{"rendered":"\t\t<div data-elementor-type=\"wp-post\" data-elementor-id=\"1211\" class=\"elementor elementor-1211 elementor-730\" data-elementor-post-type=\"page\">\n\t\t\t\t<div class=\"elementor-element elementor-element-efc7f11 e-flex e-con-boxed wpr-particle-no wpr-jarallax-no wpr-parallax-no wpr-sticky-section-no wpr-equal-height-no e-con e-parent\" data-id=\"efc7f11\" data-element_type=\"container\" data-e-type=\"container\" data-settings=\"{&quot;background_background&quot;:&quot;classic&quot;}\">\n\t\t\t\t\t<div class=\"e-con-inner\">\n\t\t\t\t<div class=\"elementor-element elementor-element-a681c30 elementor-invisible elementor-widget elementor-widget-heading\" data-id=\"a681c30\" data-element_type=\"widget\" data-e-type=\"widget\" data-settings=\"{&quot;_animation&quot;:&quot;fadeIn&quot;,&quot;_animation_delay&quot;:200}\" data-widget_type=\"heading.default\">\n\t\t\t\t<div class=\"elementor-widget-container\">\n\t\t\t\t\t<h2 class=\"elementor-heading-title elementor-size-default\">Cookie Policy<\/h2>\t\t\t\t<\/div>\n\t\t\t\t<\/div>\n\t\t\t\t\t<\/div>\n\t\t\t\t<\/div>\n\t\t<div class=\"elementor-element elementor-element-e1c3d34 e-flex e-con-boxed wpr-particle-no wpr-jarallax-no wpr-parallax-no wpr-sticky-section-no wpr-equal-height-no e-con e-parent\" data-id=\"e1c3d34\" data-element_type=\"container\" data-e-type=\"container\" id=\"volunteer\">\n\t\t\t\t\t<div class=\"e-con-inner\">\n\t\t\t\t<div class=\"elementor-element elementor-element-f080319 elementor-widget__width-initial elementor-invisible elementor-widget elementor-widget-text-editor\" data-id=\"f080319\" data-element_type=\"widget\" data-e-type=\"widget\" data-settings=\"{&quot;_animation&quot;:&quot;fadeIn&quot;,&quot;_animation_delay&quot;:400}\" data-widget_type=\"text-editor.default\">\n\t\t\t\t<div class=\"elementor-widget-container\">\n\t\t\t\t\t\t\t\t\t<p><b>Personnaliser les pr\u00e9f\u00e9rences en mati\u00e8re de consentement<\/b><\/p><p><span style=\"font-weight: 400;\">Afin de rendre ses services plus performants, d\u2019am\u00e9liorer l\u2019exp\u00e9rience utilisateur et la mani\u00e8re dont les contenus vous sont pr\u00e9sent\u00e9s, nous analysons la fa\u00e7on dont <\/span><i><span style=\"font-weight: 400;\">britanniawoods.com<\/span><\/i><span style=\"font-weight: 400;\"> est utilis\u00e9 gr\u00e2ce \u00e0 des t\u00e9moins.<\/span><\/p><p><b>Qu\u2019est-ce qu\u2019un t\u00e9moin?<\/b><\/p><p><span style=\"font-weight: 400;\">Un t\u00e9moin est un fichier texte stock\u00e9 par votre navigateur lors de votre visite. Il permet de vous reconna\u00eetre \u00e0 chaque visite, de vous garder connect\u00e9\u00b7e, et de vous faire profiter de toutes les fonctionnalit\u00e9s du site.<\/span><\/p><p><span style=\"font-weight: 400;\">Les t\u00e9moins ne contiennent que quelques caract\u00e8res de texte non nominatifs stock\u00e9s dans votre navigateur, et ne sont pas des fichiers ex\u00e9cutables : ils ne peuvent pas h\u00e9berger de logiciels malveillants ni de virus.<\/span><\/p><p><span style=\"font-weight: 400;\">De plus, Les services communautaires Britannia Woods n\u2019affiche aucune publicit\u00e9, et ne proc\u00e8de \u00e0 aucun suivi publicitaire, de la part d\u2019un tiers ou d\u2019un r\u00e9seau social.<\/span><\/p><p><span style=\"font-weight: 400;\">Nous utilisons des t\u00e9moins uniquement dans le but d\u2019am\u00e9liorer l\u2019exp\u00e9rience utilisateur et la mani\u00e8re dont les contenus vous sont pr\u00e9sent\u00e9s, en analysant la mani\u00e8re dont vous utilisez notre site de page en page, et ce gr\u00e2ce \u00e0 Google Analytics.<\/span><\/p><p><b>Google Analytics<\/b><\/p><p><span style=\"font-weight: 400;\">Cookies utilis\u00e9s sur britanniawoods.com<\/span><\/p><p><span style=\"font-weight: 400;\">Pour Google Analytics<\/span><\/p><p><span style=\"font-weight: 400;\">L\u2019application Google Analytics utilise un marqueur sp\u00e9cial qui se pr\u00e9sente sous la forme d\u2019un code JavaScript. Celui-ci est ajout\u00e9 \u00e0 chacune des pages web de notre site.<\/span><\/p><p><b>G\u00e9rer les t\u00e9moins dans mon navigateur<\/b><\/p><p><span style=\"font-weight: 400;\">Quel que soit votre navigateur, vous pouvez y param\u00e9trer l\u2019utilisation des t\u00e9moins, les supprimer ou les refuser tous par d\u00e9faut.<\/span><\/p><p><b>T\u00e9moins n\u00e9cessaires<\/b><\/p><p><span style=\"font-weight: 400;\">Les t\u00e9moins n\u00e9cessaires sont cruciaux pour les fonctions de base du site web et celui-ci ne fonctionnera pas comme pr\u00e9vu sans eux. Ces t\u00e9moins ne stockent aucune donn\u00e9e personnelle identifiable.<\/span><\/p><p><b>T\u00e9moins fonctionnels<\/b><\/p><p><span style=\"font-weight: 400;\">Les t\u00e9moins fonctionnels permettent d\u2019ex\u00e9cuter certaines fonctionnalit\u00e9s telles que le partage du contenu du site web sur des plateformes de m\u00e9dias sociaux, la collecte de commentaires et d\u2019autres fonctionnalit\u00e9s tierces.<\/span><\/p><p><b>T\u00e9moins analytiques<\/b><\/p><p><span style=\"font-weight: 400;\">Les t\u00e9moins analytiques sont utilis\u00e9s pour comprendre comment les visiteurs interagissent avec le site web. Ces t\u00e9moins aident \u00e0 fournir des informations sur le nombre de visiteurs, le taux de rebond, la source de trafic, etc.<\/span><\/p><p><b>T\u00e9moins de performance<\/b><\/p><p><span style=\"font-weight: 400;\">Les t\u00e9moins de performance sont utilis\u00e9s pour comprendre et analyser les indices de performance cl\u00e9s du site web, ce qui permet de fournir une meilleure exp\u00e9rience utilisateur aux visiteurs.<\/span><\/p><p><span style=\"font-weight: 400;\">T\u00e9moins publicitaires<\/span><\/p><p><span style=\"font-weight: 400;\">Les t\u00e9moins publicitaires sont utilis\u00e9s pour fournir aux visiteurs des publicit\u00e9s personnalis\u00e9es bas\u00e9es sur les pages visit\u00e9es pr\u00e9c\u00e9demment et pour analyser l\u2019efficacit\u00e9 de la campagne publicitaire.<\/span><\/p>\t\t\t\t\t\t\t\t<\/div>\n\t\t\t\t<\/div>\n\t\t\t\t\t<\/div>\n\t\t\t\t<\/div>\n\t\t\t\t<\/div>\n\t\t","protected":false},"excerpt":{"rendered":"<p>Cookie Policy Personnaliser les pr\u00e9f\u00e9rences en mati\u00e8re de consentement Afin de rendre ses services plus performants, d\u2019am\u00e9liorer l\u2019exp\u00e9rience utilisateur et la mani\u00e8re dont les contenus vous sont pr\u00e9sent\u00e9s, nous analysons la fa\u00e7on dont britanniawoods.com est utilis\u00e9 gr\u00e2ce \u00e0 des t\u00e9moins. Qu\u2019est-ce qu\u2019un t\u00e9moin? Un t\u00e9moin est un fichier texte stock\u00e9 par votre navigateur lors de votre visite. Il permet de vous reconna\u00eetre \u00e0 chaque visite, de vous garder connect\u00e9\u00b7e, et de vous faire profiter de toutes les fonctionnalit\u00e9s du site. Les t\u00e9moins ne contiennent que quelques caract\u00e8res de texte non nominatifs stock\u00e9s dans votre navigateur, et ne sont pas des fichiers ex\u00e9cutables : ils ne peuvent pas h\u00e9berger de logiciels malveillants ni de virus. De plus, Les services communautaires Britannia Woods n\u2019affiche aucune publicit\u00e9, et ne proc\u00e8de \u00e0 aucun suivi publicitaire, de la part d\u2019un tiers ou d\u2019un r\u00e9seau social. Nous utilisons des t\u00e9moins uniquement dans le but d\u2019am\u00e9liorer l\u2019exp\u00e9rience utilisateur et la mani\u00e8re dont les contenus vous sont pr\u00e9sent\u00e9s, en analysant la mani\u00e8re dont vous utilisez notre site de page en page, et ce gr\u00e2ce \u00e0 Google Analytics. Google Analytics Cookies utilis\u00e9s sur britanniawoods.com Pour Google Analytics L\u2019application Google Analytics utilise un marqueur sp\u00e9cial qui se pr\u00e9sente sous la forme d\u2019un code JavaScript. Celui-ci est ajout\u00e9 \u00e0 chacune des pages web de notre site. G\u00e9rer les t\u00e9moins dans mon navigateur Quel que soit votre navigateur, vous pouvez y param\u00e9trer l\u2019utilisation des t\u00e9moins, les supprimer ou les refuser tous par d\u00e9faut. T\u00e9moins n\u00e9cessaires Les t\u00e9moins n\u00e9cessaires sont cruciaux pour les fonctions de base du site web et celui-ci ne fonctionnera pas comme pr\u00e9vu sans eux. Ces t\u00e9moins ne stockent aucune donn\u00e9e personnelle identifiable. T\u00e9moins fonctionnels Les t\u00e9moins fonctionnels permettent d\u2019ex\u00e9cuter certaines fonctionnalit\u00e9s telles que le partage du contenu du site web sur des plateformes de m\u00e9dias sociaux, la collecte de commentaires et d\u2019autres fonctionnalit\u00e9s tierces. T\u00e9moins analytiques Les t\u00e9moins analytiques sont utilis\u00e9s pour comprendre comment les visiteurs interagissent avec le site web. Ces t\u00e9moins aident \u00e0 fournir des informations sur le nombre de visiteurs, le taux de rebond, la source de trafic, etc. T\u00e9moins de performance Les t\u00e9moins de performance sont utilis\u00e9s pour comprendre et analyser les indices de performance cl\u00e9s du site web, ce qui permet de fournir une meilleure exp\u00e9rience utilisateur aux visiteurs. T\u00e9moins publicitaires Les t\u00e9moins publicitaires sont utilis\u00e9s pour fournir aux visiteurs des publicit\u00e9s personnalis\u00e9es bas\u00e9es sur les pages visit\u00e9es pr\u00e9c\u00e9demment et pour analyser l\u2019efficacit\u00e9 de la campagne publicitaire.<\/p>\n","protected":false},"author":2,"featured_media":0,"parent":0,"menu_order":0,"comment_status":"closed","ping_status":"closed","template":"","meta":{"footnotes":""},"class_list":["post-1211","page","type-page","status-publish","hentry"],"_links":{"self":[{"href":"https:\/\/britanniawoods.com\/fr\/wp-json\/wp\/v2\/pages\/1211","targetHints":{"allow":["GET"]}}],"collection":[{"href":"https:\/\/britanniawoods.com\/fr\/wp-json\/wp\/v2\/pages"}],"about":[{"href":"https:\/\/britanniawoods.com\/fr\/wp-json\/wp\/v2\/types\/page"}],"author":[{"embeddable":true,"href":"https:\/\/britanniawoods.com\/fr\/wp-json\/wp\/v2\/users\/2"}],"replies":[{"embeddable":true,"href":"https:\/\/britanniawoods.com\/fr\/wp-json\/wp\/v2\/comments?post=1211"}],"version-history":[{"count":4,"href":"https:\/\/britanniawoods.com\/fr\/wp-json\/wp\/v2\/pages\/1211\/revisions"}],"predecessor-version":[{"id":1216,"href":"https:\/\/britanniawoods.com\/fr\/wp-json\/wp\/v2\/pages\/1211\/revisions\/1216"}],"wp:attachment":[{"href":"https:\/\/britanniawoods.com\/fr\/wp-json\/wp\/v2\/media?parent=1211"}],"curies":[{"name":"wp","href":"https:\/\/api.w.org\/{rel}","templated":true}]}}